{"id":3967,"date":"2023-05-15T09:24:14","date_gmt":"2023-05-15T09:24:14","guid":{"rendered":"https:\/\/snaefellsjokull.is\/visitor-centers\/gestastofa-a-malarrifi\/"},"modified":"2025-10-31T12:05:43","modified_gmt":"2025-10-31T12:05:43","slug":"visitor-center-at-malarrif","status":"publish","type":"page","link":"https:\/\/snaefellsjokull.is\/en\/visitor-centers\/visitor-center-at-malarrif\/","title":{"rendered":"Visitor Center at Malarrifi"},"content":{"rendered":"\n<p>Opening hours: Every day at 11:00 &#8211; 16:00<\/p>\n\n\n\n<p>Phone: 661-9788<\/p>\n\n\n\n<p><em>snaefellsjokull@snaefellsjokull.is<\/em><\/p>\n","protected":false},"excerpt":{"rendered":"<p>Opening hours: Every day at 11:00 &#8211; 16:00 Phone: 661-9788 snaefellsjokull@snaefellsjokull.is<\/p>\n","protected":false},"author":3,"featured_media":3258,"parent":3661,"menu_order":0,"comment_status":"closed","ping_status":"closed","template":"","meta":{"_acf_changed":false,"footnotes":""},"class_list":["post-3967","page","type-page","status-publish","has-post-thumbnail","hentry"],"acf":[],"yoast_head":"<!-- This site is optimized with the Yoast SEO plugin v26.9 - https:\/\/yoast.com\/product\/yoast-seo-wordpress\/ -->\n<title>Visitor Center at Malarrifi - Sn\u00e6fellsj\u00f6kuls\u00fej\u00f3\u00f0gar\u00f0ur<\/title>\n<meta name=\"robots\" content=\"index, follow, max-snippet:-1, max-image-preview:large, max-video-preview:-1\" \/>\n<link rel=\"canonical\" href=\"https:\/\/snaefellsjokull.is\/en\/visitor-centers\/visitor-center-at-malarrif\/\" \/>\n<meta property=\"og:locale\" content=\"en_US\" \/>\n<meta property=\"og:type\" content=\"article\" \/>\n<meta property=\"og:title\" content=\"Visitor Center at Malarrifi - Sn\u00e6fellsj\u00f6kuls\u00fej\u00f3\u00f0gar\u00f0ur\" \/>\n<meta property=\"og:description\" content=\"Opening hours: Every day at 11:00 &#8211; 16:00 Phone: 661-9788 snaefellsjokull@snaefellsjokull.is\" \/>\n<meta property=\"og:url\" content=\"https:\/\/snaefellsjokull.is\/en\/visitor-centers\/visitor-center-at-malarrif\/\" \/>\n<meta property=\"og:site_name\" content=\"Sn\u00e6fellsj\u00f6kuls\u00fej\u00f3\u00f0gar\u00f0ur\" \/>\n<meta property=\"article:modified_time\" content=\"2025-10-31T12:05:43+00:00\" \/>\n<meta property=\"og:image\" content=\"https:\/\/snaefellsjokull.is\/wp-content\/uploads\/2024\/01\/IMG_0192-1-scaled.jpg\" \/>\n\t<meta property=\"og:image:width\" content=\"2560\" \/>\n\t<meta property=\"og:image:height\" content=\"1920\" \/>\n\t<meta property=\"og:image:type\" content=\"image\/jpeg\" \/>\n<meta name=\"twitter:card\" content=\"summary_large_image\" \/>\n<script type=\"application\/ld+json\" class=\"yoast-schema-graph\">{\"@context\":\"https:\/\/schema.org\",\"@graph\":[{\"@type\":\"WebPage\",\"@id\":\"https:\/\/snaefellsjokull.is\/en\/visitor-centers\/visitor-center-at-malarrif\/\",\"url\":\"https:\/\/snaefellsjokull.is\/en\/visitor-centers\/visitor-center-at-malarrif\/\",\"name\":\"Visitor Center at Malarrifi - Sn\u00e6fellsj\u00f6kuls\u00fej\u00f3\u00f0gar\u00f0ur\",\"isPartOf\":{\"@id\":\"https:\/\/snaefellsjokull.is\/#website\"},\"primaryImageOfPage\":{\"@id\":\"https:\/\/snaefellsjokull.is\/en\/visitor-centers\/visitor-center-at-malarrif\/#primaryimage\"},\"image\":{\"@id\":\"https:\/\/snaefellsjokull.is\/en\/visitor-centers\/visitor-center-at-malarrif\/#primaryimage\"},\"thumbnailUrl\":\"https:\/\/snaefellsjokull.is\/wp-content\/uploads\/2024\/01\/IMG_0192-1-scaled.jpg\",\"datePublished\":\"2023-05-15T09:24:14+00:00\",\"dateModified\":\"2025-10-31T12:05:43+00:00\",\"breadcrumb\":{\"@id\":\"https:\/\/snaefellsjokull.is\/en\/visitor-centers\/visitor-center-at-malarrif\/#breadcrumb\"},\"inLanguage\":\"en-US\",\"potentialAction\":[{\"@type\":\"ReadAction\",\"target\":[\"https:\/\/snaefellsjokull.is\/en\/visitor-centers\/visitor-center-at-malarrif\/\"]}]},{\"@type\":\"ImageObject\",\"inLanguage\":\"en-US\",\"@id\":\"https:\/\/snaefellsjokull.is\/en\/visitor-centers\/visitor-center-at-malarrif\/#primaryimage\",\"url\":\"https:\/\/snaefellsjokull.is\/wp-content\/uploads\/2024\/01\/IMG_0192-1-scaled.jpg\",\"contentUrl\":\"https:\/\/snaefellsjokull.is\/wp-content\/uploads\/2024\/01\/IMG_0192-1-scaled.jpg\",\"width\":2560,\"height\":1920},{\"@type\":\"BreadcrumbList\",\"@id\":\"https:\/\/snaefellsjokull.is\/en\/visitor-centers\/visitor-center-at-malarrif\/#breadcrumb\",\"itemListElement\":[{\"@type\":\"ListItem\",\"position\":1,\"name\":\"Home\",\"item\":\"https:\/\/snaefellsjokull.is\/en\/\"},{\"@type\":\"ListItem\",\"position\":2,\"name\":\"Visitor Centers\",\"item\":\"https:\/\/snaefellsjokull.is\/en\/visitor-centers\/\"},{\"@type\":\"ListItem\",\"position\":3,\"name\":\"Visitor Center at Malarrifi\"}]},{\"@type\":\"WebSite\",\"@id\":\"https:\/\/snaefellsjokull.is\/#website\",\"url\":\"https:\/\/snaefellsjokull.is\/\",\"name\":\"Sn\u00e6fellsj\u00f6kuls\u00fej\u00f3\u00f0gar\u00f0ur\",\"description\":\"Upplif\u00f0u einstaka n\u00e1tt\u00faru, g\u00f6ngulei\u00f0ir og \u00e1ningasta\u00f0ir.\",\"potentialAction\":[{\"@type\":\"SearchAction\",\"target\":{\"@type\":\"EntryPoint\",\"urlTemplate\":\"https:\/\/snaefellsjokull.is\/?s={search_term_string}\"},\"query-input\":{\"@type\":\"PropertyValueSpecification\",\"valueRequired\":true,\"valueName\":\"search_term_string\"}}],\"inLanguage\":\"en-US\"}]}<\/script>\n<!-- \/ Yoast SEO plugin. -->","yoast_head_json":{"title":"Visitor Center at Malarrifi - Sn\u00e6fellsj\u00f6kuls\u00fej\u00f3\u00f0gar\u00f0ur","robots":{"index":"index","follow":"follow","max-snippet":"max-snippet:-1","max-image-preview":"max-image-preview:large","max-video-preview":"max-video-preview:-1"},"canonical":"https:\/\/snaefellsjokull.is\/en\/visitor-centers\/visitor-center-at-malarrif\/","og_locale":"en_US","og_type":"article","og_title":"Visitor Center at Malarrifi - Sn\u00e6fellsj\u00f6kuls\u00fej\u00f3\u00f0gar\u00f0ur","og_description":"Opening hours: Every day at 11:00 &#8211; 16:00 Phone: 661-9788 snaefellsjokull@snaefellsjokull.is","og_url":"https:\/\/snaefellsjokull.is\/en\/visitor-centers\/visitor-center-at-malarrif\/","og_site_name":"Sn\u00e6fellsj\u00f6kuls\u00fej\u00f3\u00f0gar\u00f0ur","article_modified_time":"2025-10-31T12:05:43+00:00","og_image":[{"width":2560,"height":1920,"url":"https:\/\/snaefellsjokull.is\/wp-content\/uploads\/2024\/01\/IMG_0192-1-scaled.jpg","type":"image\/jpeg"}],"twitter_card":"summary_large_image","schema":{"@context":"https:\/\/schema.org","@graph":[{"@type":"WebPage","@id":"https:\/\/snaefellsjokull.is\/en\/visitor-centers\/visitor-center-at-malarrif\/","url":"https:\/\/snaefellsjokull.is\/en\/visitor-centers\/visitor-center-at-malarrif\/","name":"Visitor Center at Malarrifi - Sn\u00e6fellsj\u00f6kuls\u00fej\u00f3\u00f0gar\u00f0ur","isPartOf":{"@id":"https:\/\/snaefellsjokull.is\/#website"},"primaryImageOfPage":{"@id":"https:\/\/snaefellsjokull.is\/en\/visitor-centers\/visitor-center-at-malarrif\/#primaryimage"},"image":{"@id":"https:\/\/snaefellsjokull.is\/en\/visitor-centers\/visitor-center-at-malarrif\/#primaryimage"},"thumbnailUrl":"https:\/\/snaefellsjokull.is\/wp-content\/uploads\/2024\/01\/IMG_0192-1-scaled.jpg","datePublished":"2023-05-15T09:24:14+00:00","dateModified":"2025-10-31T12:05:43+00:00","breadcrumb":{"@id":"https:\/\/snaefellsjokull.is\/en\/visitor-centers\/visitor-center-at-malarrif\/#breadcrumb"},"inLanguage":"en-US","potentialAction":[{"@type":"ReadAction","target":["https:\/\/snaefellsjokull.is\/en\/visitor-centers\/visitor-center-at-malarrif\/"]}]},{"@type":"ImageObject","inLanguage":"en-US","@id":"https:\/\/snaefellsjokull.is\/en\/visitor-centers\/visitor-center-at-malarrif\/#primaryimage","url":"https:\/\/snaefellsjokull.is\/wp-content\/uploads\/2024\/01\/IMG_0192-1-scaled.jpg","contentUrl":"https:\/\/snaefellsjokull.is\/wp-content\/uploads\/2024\/01\/IMG_0192-1-scaled.jpg","width":2560,"height":1920},{"@type":"BreadcrumbList","@id":"https:\/\/snaefellsjokull.is\/en\/visitor-centers\/visitor-center-at-malarrif\/#breadcrumb","itemListElement":[{"@type":"ListItem","position":1,"name":"Home","item":"https:\/\/snaefellsjokull.is\/en\/"},{"@type":"ListItem","position":2,"name":"Visitor Centers","item":"https:\/\/snaefellsjokull.is\/en\/visitor-centers\/"},{"@type":"ListItem","position":3,"name":"Visitor Center at Malarrifi"}]},{"@type":"WebSite","@id":"https:\/\/snaefellsjokull.is\/#website","url":"https:\/\/snaefellsjokull.is\/","name":"Sn\u00e6fellsj\u00f6kuls\u00fej\u00f3\u00f0gar\u00f0ur","description":"Upplif\u00f0u einstaka n\u00e1tt\u00faru, g\u00f6ngulei\u00f0ir og \u00e1ningasta\u00f0ir.","potentialAction":[{"@type":"SearchAction","target":{"@type":"EntryPoint","urlTemplate":"https:\/\/snaefellsjokull.is\/?s={search_term_string}"},"query-input":{"@type":"PropertyValueSpecification","valueRequired":true,"valueName":"search_term_string"}}],"inLanguage":"en-US"}]}},"_links":{"self":[{"href":"https:\/\/snaefellsjokull.is\/en\/wp-json\/wp\/v2\/pages\/3967","targetHints":{"allow":["GET"]}}],"collection":[{"href":"https:\/\/snaefellsjokull.is\/en\/wp-json\/wp\/v2\/pages"}],"about":[{"href":"https:\/\/snaefellsjokull.is\/en\/wp-json\/wp\/v2\/types\/page"}],"author":[{"embeddable":true,"href":"https:\/\/snaefellsjokull.is\/en\/wp-json\/wp\/v2\/users\/3"}],"replies":[{"embeddable":true,"href":"https:\/\/snaefellsjokull.is\/en\/wp-json\/wp\/v2\/comments?post=3967"}],"version-history":[{"count":20,"href":"https:\/\/snaefellsjokull.is\/en\/wp-json\/wp\/v2\/pages\/3967\/revisions"}],"predecessor-version":[{"id":5514,"href":"https:\/\/snaefellsjokull.is\/en\/wp-json\/wp\/v2\/pages\/3967\/revisions\/5514"}],"up":[{"embeddable":true,"href":"https:\/\/snaefellsjokull.is\/en\/wp-json\/wp\/v2\/pages\/3661"}],"wp:featuredmedia":[{"embeddable":true,"href":"https:\/\/snaefellsjokull.is\/en\/wp-json\/wp\/v2\/media\/3258"}],"wp:attachment":[{"href":"https:\/\/snaefellsjokull.is\/en\/wp-json\/wp\/v2\/media?parent=3967"}],"curies":[{"name":"wp","href":"https:\/\/api.w.org\/{rel}","templated":true}]}}