{"id":3749,"date":"2023-05-15T10:09:05","date_gmt":"2023-05-15T10:09:05","guid":{"rendered":"https:\/\/snaefellsjokull.is\/contracts-for-employment-related-activities\/"},"modified":"2024-03-27T13:43:43","modified_gmt":"2024-03-27T13:43:43","slug":"contracts-for-employment-related-activities","status":"publish","type":"page","link":"https:\/\/snaefellsjokull.is\/en\/contracts-for-employment-related-activities\/","title":{"rendered":"Contracts with private businesses"},"content":{"rendered":"","protected":false},"excerpt":{"rendered":"","protected":false},"author":3,"featured_media":3472,"parent":0,"menu_order":0,"comment_status":"closed","ping_status":"closed","template":"","meta":{"_acf_changed":false,"footnotes":""},"class_list":["post-3749","page","type-page","status-publish","has-post-thumbnail","hentry"],"acf":[],"yoast_head":"<!-- This site is optimized with the Yoast SEO plugin v26.9 - https:\/\/yoast.com\/product\/yoast-seo-wordpress\/ -->\n<title>Contracts with private businesses - Sn\u00e6fellsj\u00f6kuls\u00fej\u00f3\u00f0gar\u00f0ur<\/title>\n<meta name=\"robots\" content=\"index, follow, max-snippet:-1, max-image-preview:large, max-video-preview:-1\" \/>\n<link rel=\"canonical\" href=\"https:\/\/snaefellsjokull.is\/thjodgardurinn\/samningar-um-atvinnutengda-starfsemi\/\" \/>\n<meta property=\"og:locale\" content=\"en_US\" \/>\n<meta property=\"og:type\" content=\"article\" \/>\n<meta property=\"og:title\" content=\"Contracts with private businesses - Sn\u00e6fellsj\u00f6kuls\u00fej\u00f3\u00f0gar\u00f0ur\" \/>\n<meta property=\"og:url\" content=\"https:\/\/snaefellsjokull.is\/thjodgardurinn\/samningar-um-atvinnutengda-starfsemi\/\" \/>\n<meta property=\"og:site_name\" content=\"Sn\u00e6fellsj\u00f6kuls\u00fej\u00f3\u00f0gar\u00f0ur\" \/>\n<meta property=\"article:modified_time\" content=\"2024-03-27T13:43:43+00:00\" \/>\n<meta property=\"og:image\" content=\"https:\/\/snaefellsjokull.is\/wp-content\/uploads\/2023\/11\/Vatnshellir-6-scaled.jpg\" \/>\n\t<meta property=\"og:image:width\" content=\"2560\" \/>\n\t<meta property=\"og:image:height\" content=\"1220\" \/>\n\t<meta property=\"og:image:type\" content=\"image\/jpeg\" \/>\n<meta name=\"twitter:card\" content=\"summary_large_image\" \/>\n<script type=\"application\/ld+json\" class=\"yoast-schema-graph\">{\"@context\":\"https:\/\/schema.org\",\"@graph\":[{\"@type\":\"WebPage\",\"@id\":\"https:\/\/snaefellsjokull.is\/thjodgardurinn\/samningar-um-atvinnutengda-starfsemi\/\",\"url\":\"https:\/\/snaefellsjokull.is\/thjodgardurinn\/samningar-um-atvinnutengda-starfsemi\/\",\"name\":\"Contracts with private businesses - Sn\u00e6fellsj\u00f6kuls\u00fej\u00f3\u00f0gar\u00f0ur\",\"isPartOf\":{\"@id\":\"https:\/\/snaefellsjokull.is\/#website\"},\"primaryImageOfPage\":{\"@id\":\"https:\/\/snaefellsjokull.is\/thjodgardurinn\/samningar-um-atvinnutengda-starfsemi\/#primaryimage\"},\"image\":{\"@id\":\"https:\/\/snaefellsjokull.is\/thjodgardurinn\/samningar-um-atvinnutengda-starfsemi\/#primaryimage\"},\"thumbnailUrl\":\"https:\/\/snaefellsjokull.is\/wp-content\/uploads\/2023\/11\/Vatnshellir-6-scaled.jpg\",\"datePublished\":\"2023-05-15T10:09:05+00:00\",\"dateModified\":\"2024-03-27T13:43:43+00:00\",\"breadcrumb\":{\"@id\":\"https:\/\/snaefellsjokull.is\/thjodgardurinn\/samningar-um-atvinnutengda-starfsemi\/#breadcrumb\"},\"inLanguage\":\"en-US\",\"potentialAction\":[{\"@type\":\"ReadAction\",\"target\":[\"https:\/\/snaefellsjokull.is\/thjodgardurinn\/samningar-um-atvinnutengda-starfsemi\/\"]}]},{\"@type\":\"ImageObject\",\"inLanguage\":\"en-US\",\"@id\":\"https:\/\/snaefellsjokull.is\/thjodgardurinn\/samningar-um-atvinnutengda-starfsemi\/#primaryimage\",\"url\":\"https:\/\/snaefellsjokull.is\/wp-content\/uploads\/2023\/11\/Vatnshellir-6-scaled.jpg\",\"contentUrl\":\"https:\/\/snaefellsjokull.is\/wp-content\/uploads\/2023\/11\/Vatnshellir-6-scaled.jpg\",\"width\":2560,\"height\":1220},{\"@type\":\"BreadcrumbList\",\"@id\":\"https:\/\/snaefellsjokull.is\/thjodgardurinn\/samningar-um-atvinnutengda-starfsemi\/#breadcrumb\",\"itemListElement\":[{\"@type\":\"ListItem\",\"position\":1,\"name\":\"Home\",\"item\":\"https:\/\/snaefellsjokull.is\/en\/\"},{\"@type\":\"ListItem\",\"position\":2,\"name\":\"Contracts with private businesses\"}]},{\"@type\":\"WebSite\",\"@id\":\"https:\/\/snaefellsjokull.is\/#website\",\"url\":\"https:\/\/snaefellsjokull.is\/\",\"name\":\"Sn\u00e6fellsj\u00f6kuls\u00fej\u00f3\u00f0gar\u00f0ur\",\"description\":\"Upplif\u00f0u einstaka n\u00e1tt\u00faru, g\u00f6ngulei\u00f0ir og \u00e1ningasta\u00f0ir.\",\"potentialAction\":[{\"@type\":\"SearchAction\",\"target\":{\"@type\":\"EntryPoint\",\"urlTemplate\":\"https:\/\/snaefellsjokull.is\/?s={search_term_string}\"},\"query-input\":{\"@type\":\"PropertyValueSpecification\",\"valueRequired\":true,\"valueName\":\"search_term_string\"}}],\"inLanguage\":\"en-US\"}]}<\/script>\n<!-- \/ Yoast SEO plugin. -->","yoast_head_json":{"title":"Contracts with private businesses - Sn\u00e6fellsj\u00f6kuls\u00fej\u00f3\u00f0gar\u00f0ur","robots":{"index":"index","follow":"follow","max-snippet":"max-snippet:-1","max-image-preview":"max-image-preview:large","max-video-preview":"max-video-preview:-1"},"canonical":"https:\/\/snaefellsjokull.is\/thjodgardurinn\/samningar-um-atvinnutengda-starfsemi\/","og_locale":"en_US","og_type":"article","og_title":"Contracts with private businesses - Sn\u00e6fellsj\u00f6kuls\u00fej\u00f3\u00f0gar\u00f0ur","og_url":"https:\/\/snaefellsjokull.is\/thjodgardurinn\/samningar-um-atvinnutengda-starfsemi\/","og_site_name":"Sn\u00e6fellsj\u00f6kuls\u00fej\u00f3\u00f0gar\u00f0ur","article_modified_time":"2024-03-27T13:43:43+00:00","og_image":[{"width":2560,"height":1220,"url":"https:\/\/snaefellsjokull.is\/wp-content\/uploads\/2023\/11\/Vatnshellir-6-scaled.jpg","type":"image\/jpeg"}],"twitter_card":"summary_large_image","schema":{"@context":"https:\/\/schema.org","@graph":[{"@type":"WebPage","@id":"https:\/\/snaefellsjokull.is\/thjodgardurinn\/samningar-um-atvinnutengda-starfsemi\/","url":"https:\/\/snaefellsjokull.is\/thjodgardurinn\/samningar-um-atvinnutengda-starfsemi\/","name":"Contracts with private businesses - Sn\u00e6fellsj\u00f6kuls\u00fej\u00f3\u00f0gar\u00f0ur","isPartOf":{"@id":"https:\/\/snaefellsjokull.is\/#website"},"primaryImageOfPage":{"@id":"https:\/\/snaefellsjokull.is\/thjodgardurinn\/samningar-um-atvinnutengda-starfsemi\/#primaryimage"},"image":{"@id":"https:\/\/snaefellsjokull.is\/thjodgardurinn\/samningar-um-atvinnutengda-starfsemi\/#primaryimage"},"thumbnailUrl":"https:\/\/snaefellsjokull.is\/wp-content\/uploads\/2023\/11\/Vatnshellir-6-scaled.jpg","datePublished":"2023-05-15T10:09:05+00:00","dateModified":"2024-03-27T13:43:43+00:00","breadcrumb":{"@id":"https:\/\/snaefellsjokull.is\/thjodgardurinn\/samningar-um-atvinnutengda-starfsemi\/#breadcrumb"},"inLanguage":"en-US","potentialAction":[{"@type":"ReadAction","target":["https:\/\/snaefellsjokull.is\/thjodgardurinn\/samningar-um-atvinnutengda-starfsemi\/"]}]},{"@type":"ImageObject","inLanguage":"en-US","@id":"https:\/\/snaefellsjokull.is\/thjodgardurinn\/samningar-um-atvinnutengda-starfsemi\/#primaryimage","url":"https:\/\/snaefellsjokull.is\/wp-content\/uploads\/2023\/11\/Vatnshellir-6-scaled.jpg","contentUrl":"https:\/\/snaefellsjokull.is\/wp-content\/uploads\/2023\/11\/Vatnshellir-6-scaled.jpg","width":2560,"height":1220},{"@type":"BreadcrumbList","@id":"https:\/\/snaefellsjokull.is\/thjodgardurinn\/samningar-um-atvinnutengda-starfsemi\/#breadcrumb","itemListElement":[{"@type":"ListItem","position":1,"name":"Home","item":"https:\/\/snaefellsjokull.is\/en\/"},{"@type":"ListItem","position":2,"name":"Contracts with private businesses"}]},{"@type":"WebSite","@id":"https:\/\/snaefellsjokull.is\/#website","url":"https:\/\/snaefellsjokull.is\/","name":"Sn\u00e6fellsj\u00f6kuls\u00fej\u00f3\u00f0gar\u00f0ur","description":"Upplif\u00f0u einstaka n\u00e1tt\u00faru, g\u00f6ngulei\u00f0ir og \u00e1ningasta\u00f0ir.","potentialAction":[{"@type":"SearchAction","target":{"@type":"EntryPoint","urlTemplate":"https:\/\/snaefellsjokull.is\/?s={search_term_string}"},"query-input":{"@type":"PropertyValueSpecification","valueRequired":true,"valueName":"search_term_string"}}],"inLanguage":"en-US"}]}},"_links":{"self":[{"href":"https:\/\/snaefellsjokull.is\/en\/wp-json\/wp\/v2\/pages\/3749","targetHints":{"allow":["GET"]}}],"collection":[{"href":"https:\/\/snaefellsjokull.is\/en\/wp-json\/wp\/v2\/pages"}],"about":[{"href":"https:\/\/snaefellsjokull.is\/en\/wp-json\/wp\/v2\/types\/page"}],"author":[{"embeddable":true,"href":"https:\/\/snaefellsjokull.is\/en\/wp-json\/wp\/v2\/users\/3"}],"replies":[{"embeddable":true,"href":"https:\/\/snaefellsjokull.is\/en\/wp-json\/wp\/v2\/comments?post=3749"}],"version-history":[{"count":2,"href":"https:\/\/snaefellsjokull.is\/en\/wp-json\/wp\/v2\/pages\/3749\/revisions"}],"predecessor-version":[{"id":3883,"href":"https:\/\/snaefellsjokull.is\/en\/wp-json\/wp\/v2\/pages\/3749\/revisions\/3883"}],"wp:featuredmedia":[{"embeddable":true,"href":"https:\/\/snaefellsjokull.is\/en\/wp-json\/wp\/v2\/media\/3472"}],"wp:attachment":[{"href":"https:\/\/snaefellsjokull.is\/en\/wp-json\/wp\/v2\/media?parent=3749"}],"curies":[{"name":"wp","href":"https:\/\/api.w.org\/{rel}","templated":true}]}}