{"id":3743,"date":"2023-05-15T09:43:02","date_gmt":"2023-05-15T09:43:02","guid":{"rendered":"https:\/\/snaefellsjokull.is\/education\/research-within-national-parks-and-reserves\/"},"modified":"2024-06-12T14:59:56","modified_gmt":"2024-06-12T14:59:56","slug":"research-within-national-parks-and-reserves","status":"publish","type":"page","link":"https:\/\/snaefellsjokull.is\/en\/education\/research-within-national-parks-and-reserves\/","title":{"rendered":"Research within national parks and reserves"},"content":{"rendered":"\n<p>Many interesting researches and monitoring are carried out in the national parks and nature reserves. Here you can see information about ongoing research. Sn\u00e6fellsj\u00f6kull National Park aims to share the results of publicly published research.  <\/p>\n","protected":false},"excerpt":{"rendered":"<p>Many interesting researches and monitoring are carried out in the national parks and nature reserves. Here you can see information about ongoing research. Sn\u00e6fellsj\u00f6kull National Park aims to share the results of publicly published research.<\/p>\n","protected":false},"author":3,"featured_media":3276,"parent":3656,"menu_order":0,"comment_status":"closed","ping_status":"closed","template":"","meta":{"_acf_changed":false,"footnotes":""},"class_list":["post-3743","page","type-page","status-publish","has-post-thumbnail","hentry"],"acf":[],"yoast_head":"<!-- This site is optimized with the Yoast SEO plugin v26.9 - https:\/\/yoast.com\/product\/yoast-seo-wordpress\/ -->\n<title>Research within national parks and reserves - Sn\u00e6fellsj\u00f6kuls\u00fej\u00f3\u00f0gar\u00f0ur<\/title>\n<meta name=\"robots\" content=\"index, follow, max-snippet:-1, max-image-preview:large, max-video-preview:-1\" \/>\n<link rel=\"canonical\" href=\"https:\/\/snaefellsjokull.is\/en\/education\/research-within-national-parks-and-reserves\/\" \/>\n<meta property=\"og:locale\" content=\"en_US\" \/>\n<meta property=\"og:type\" content=\"article\" \/>\n<meta property=\"og:title\" content=\"Research within national parks and reserves - Sn\u00e6fellsj\u00f6kuls\u00fej\u00f3\u00f0gar\u00f0ur\" \/>\n<meta property=\"og:description\" content=\"Many interesting researches and monitoring are carried out in the national parks and nature reserves. Here you can see information about ongoing research. Sn\u00e6fellsj\u00f6kull National Park aims to share the results of publicly published research.\" \/>\n<meta property=\"og:url\" content=\"https:\/\/snaefellsjokull.is\/en\/education\/research-within-national-parks-and-reserves\/\" \/>\n<meta property=\"og:site_name\" content=\"Sn\u00e6fellsj\u00f6kuls\u00fej\u00f3\u00f0gar\u00f0ur\" \/>\n<meta property=\"article:modified_time\" content=\"2024-06-12T14:59:56+00:00\" \/>\n<meta property=\"og:image\" content=\"https:\/\/snaefellsjokull.is\/wp-content\/uploads\/2023\/11\/DSC00223-2-scaled.jpg\" \/>\n\t<meta property=\"og:image:width\" content=\"2560\" \/>\n\t<meta property=\"og:image:height\" content=\"1440\" \/>\n\t<meta property=\"og:image:type\" content=\"image\/jpeg\" \/>\n<meta name=\"twitter:card\" content=\"summary_large_image\" \/>\n<script type=\"application\/ld+json\" class=\"yoast-schema-graph\">{\"@context\":\"https:\/\/schema.org\",\"@graph\":[{\"@type\":\"WebPage\",\"@id\":\"https:\/\/snaefellsjokull.is\/en\/education\/research-within-national-parks-and-reserves\/\",\"url\":\"https:\/\/snaefellsjokull.is\/en\/education\/research-within-national-parks-and-reserves\/\",\"name\":\"Research within national parks and reserves - Sn\u00e6fellsj\u00f6kuls\u00fej\u00f3\u00f0gar\u00f0ur\",\"isPartOf\":{\"@id\":\"https:\/\/snaefellsjokull.is\/#website\"},\"primaryImageOfPage\":{\"@id\":\"https:\/\/snaefellsjokull.is\/en\/education\/research-within-national-parks-and-reserves\/#primaryimage\"},\"image\":{\"@id\":\"https:\/\/snaefellsjokull.is\/en\/education\/research-within-national-parks-and-reserves\/#primaryimage\"},\"thumbnailUrl\":\"https:\/\/snaefellsjokull.is\/wp-content\/uploads\/2023\/11\/DSC00223-2-scaled.jpg\",\"datePublished\":\"2023-05-15T09:43:02+00:00\",\"dateModified\":\"2024-06-12T14:59:56+00:00\",\"breadcrumb\":{\"@id\":\"https:\/\/snaefellsjokull.is\/en\/education\/research-within-national-parks-and-reserves\/#breadcrumb\"},\"inLanguage\":\"en-US\",\"potentialAction\":[{\"@type\":\"ReadAction\",\"target\":[\"https:\/\/snaefellsjokull.is\/en\/education\/research-within-national-parks-and-reserves\/\"]}]},{\"@type\":\"ImageObject\",\"inLanguage\":\"en-US\",\"@id\":\"https:\/\/snaefellsjokull.is\/en\/education\/research-within-national-parks-and-reserves\/#primaryimage\",\"url\":\"https:\/\/snaefellsjokull.is\/wp-content\/uploads\/2023\/11\/DSC00223-2-scaled.jpg\",\"contentUrl\":\"https:\/\/snaefellsjokull.is\/wp-content\/uploads\/2023\/11\/DSC00223-2-scaled.jpg\",\"width\":2560,\"height\":1440},{\"@type\":\"BreadcrumbList\",\"@id\":\"https:\/\/snaefellsjokull.is\/en\/education\/research-within-national-parks-and-reserves\/#breadcrumb\",\"itemListElement\":[{\"@type\":\"ListItem\",\"position\":1,\"name\":\"Home\",\"item\":\"https:\/\/snaefellsjokull.is\/en\/\"},{\"@type\":\"ListItem\",\"position\":2,\"name\":\"Education\",\"item\":\"https:\/\/snaefellsjokull.is\/en\/education\/\"},{\"@type\":\"ListItem\",\"position\":3,\"name\":\"Research within national parks and reserves\"}]},{\"@type\":\"WebSite\",\"@id\":\"https:\/\/snaefellsjokull.is\/#website\",\"url\":\"https:\/\/snaefellsjokull.is\/\",\"name\":\"Sn\u00e6fellsj\u00f6kuls\u00fej\u00f3\u00f0gar\u00f0ur\",\"description\":\"Upplif\u00f0u einstaka n\u00e1tt\u00faru, g\u00f6ngulei\u00f0ir og \u00e1ningasta\u00f0ir.\",\"potentialAction\":[{\"@type\":\"SearchAction\",\"target\":{\"@type\":\"EntryPoint\",\"urlTemplate\":\"https:\/\/snaefellsjokull.is\/?s={search_term_string}\"},\"query-input\":{\"@type\":\"PropertyValueSpecification\",\"valueRequired\":true,\"valueName\":\"search_term_string\"}}],\"inLanguage\":\"en-US\"}]}<\/script>\n<!-- \/ Yoast SEO plugin. -->","yoast_head_json":{"title":"Research within national parks and reserves - Sn\u00e6fellsj\u00f6kuls\u00fej\u00f3\u00f0gar\u00f0ur","robots":{"index":"index","follow":"follow","max-snippet":"max-snippet:-1","max-image-preview":"max-image-preview:large","max-video-preview":"max-video-preview:-1"},"canonical":"https:\/\/snaefellsjokull.is\/en\/education\/research-within-national-parks-and-reserves\/","og_locale":"en_US","og_type":"article","og_title":"Research within national parks and reserves - Sn\u00e6fellsj\u00f6kuls\u00fej\u00f3\u00f0gar\u00f0ur","og_description":"Many interesting researches and monitoring are carried out in the national parks and nature reserves. Here you can see information about ongoing research. Sn\u00e6fellsj\u00f6kull National Park aims to share the results of publicly published research.","og_url":"https:\/\/snaefellsjokull.is\/en\/education\/research-within-national-parks-and-reserves\/","og_site_name":"Sn\u00e6fellsj\u00f6kuls\u00fej\u00f3\u00f0gar\u00f0ur","article_modified_time":"2024-06-12T14:59:56+00:00","og_image":[{"width":2560,"height":1440,"url":"https:\/\/snaefellsjokull.is\/wp-content\/uploads\/2023\/11\/DSC00223-2-scaled.jpg","type":"image\/jpeg"}],"twitter_card":"summary_large_image","schema":{"@context":"https:\/\/schema.org","@graph":[{"@type":"WebPage","@id":"https:\/\/snaefellsjokull.is\/en\/education\/research-within-national-parks-and-reserves\/","url":"https:\/\/snaefellsjokull.is\/en\/education\/research-within-national-parks-and-reserves\/","name":"Research within national parks and reserves - Sn\u00e6fellsj\u00f6kuls\u00fej\u00f3\u00f0gar\u00f0ur","isPartOf":{"@id":"https:\/\/snaefellsjokull.is\/#website"},"primaryImageOfPage":{"@id":"https:\/\/snaefellsjokull.is\/en\/education\/research-within-national-parks-and-reserves\/#primaryimage"},"image":{"@id":"https:\/\/snaefellsjokull.is\/en\/education\/research-within-national-parks-and-reserves\/#primaryimage"},"thumbnailUrl":"https:\/\/snaefellsjokull.is\/wp-content\/uploads\/2023\/11\/DSC00223-2-scaled.jpg","datePublished":"2023-05-15T09:43:02+00:00","dateModified":"2024-06-12T14:59:56+00:00","breadcrumb":{"@id":"https:\/\/snaefellsjokull.is\/en\/education\/research-within-national-parks-and-reserves\/#breadcrumb"},"inLanguage":"en-US","potentialAction":[{"@type":"ReadAction","target":["https:\/\/snaefellsjokull.is\/en\/education\/research-within-national-parks-and-reserves\/"]}]},{"@type":"ImageObject","inLanguage":"en-US","@id":"https:\/\/snaefellsjokull.is\/en\/education\/research-within-national-parks-and-reserves\/#primaryimage","url":"https:\/\/snaefellsjokull.is\/wp-content\/uploads\/2023\/11\/DSC00223-2-scaled.jpg","contentUrl":"https:\/\/snaefellsjokull.is\/wp-content\/uploads\/2023\/11\/DSC00223-2-scaled.jpg","width":2560,"height":1440},{"@type":"BreadcrumbList","@id":"https:\/\/snaefellsjokull.is\/en\/education\/research-within-national-parks-and-reserves\/#breadcrumb","itemListElement":[{"@type":"ListItem","position":1,"name":"Home","item":"https:\/\/snaefellsjokull.is\/en\/"},{"@type":"ListItem","position":2,"name":"Education","item":"https:\/\/snaefellsjokull.is\/en\/education\/"},{"@type":"ListItem","position":3,"name":"Research within national parks and reserves"}]},{"@type":"WebSite","@id":"https:\/\/snaefellsjokull.is\/#website","url":"https:\/\/snaefellsjokull.is\/","name":"Sn\u00e6fellsj\u00f6kuls\u00fej\u00f3\u00f0gar\u00f0ur","description":"Upplif\u00f0u einstaka n\u00e1tt\u00faru, g\u00f6ngulei\u00f0ir og \u00e1ningasta\u00f0ir.","potentialAction":[{"@type":"SearchAction","target":{"@type":"EntryPoint","urlTemplate":"https:\/\/snaefellsjokull.is\/?s={search_term_string}"},"query-input":{"@type":"PropertyValueSpecification","valueRequired":true,"valueName":"search_term_string"}}],"inLanguage":"en-US"}]}},"_links":{"self":[{"href":"https:\/\/snaefellsjokull.is\/en\/wp-json\/wp\/v2\/pages\/3743","targetHints":{"allow":["GET"]}}],"collection":[{"href":"https:\/\/snaefellsjokull.is\/en\/wp-json\/wp\/v2\/pages"}],"about":[{"href":"https:\/\/snaefellsjokull.is\/en\/wp-json\/wp\/v2\/types\/page"}],"author":[{"embeddable":true,"href":"https:\/\/snaefellsjokull.is\/en\/wp-json\/wp\/v2\/users\/3"}],"replies":[{"embeddable":true,"href":"https:\/\/snaefellsjokull.is\/en\/wp-json\/wp\/v2\/comments?post=3743"}],"version-history":[{"count":5,"href":"https:\/\/snaefellsjokull.is\/en\/wp-json\/wp\/v2\/pages\/3743\/revisions"}],"predecessor-version":[{"id":3880,"href":"https:\/\/snaefellsjokull.is\/en\/wp-json\/wp\/v2\/pages\/3743\/revisions\/3880"}],"up":[{"embeddable":true,"href":"https:\/\/snaefellsjokull.is\/en\/wp-json\/wp\/v2\/pages\/3656"}],"wp:featuredmedia":[{"embeddable":true,"href":"https:\/\/snaefellsjokull.is\/en\/wp-json\/wp\/v2\/media\/3276"}],"wp:attachment":[{"href":"https:\/\/snaefellsjokull.is\/en\/wp-json\/wp\/v2\/media?parent=3743"}],"curies":[{"name":"wp","href":"https:\/\/api.w.org\/{rel}","templated":true}]}}