{"id":3661,"date":"2023-05-15T09:22:27","date_gmt":"2023-05-15T09:22:27","guid":{"rendered":"https:\/\/snaefellsjokull.is\/visitor-centers\/"},"modified":"2024-04-17T12:28:43","modified_gmt":"2024-04-17T12:28:43","slug":"visitor-centers","status":"publish","type":"page","link":"https:\/\/snaefellsjokull.is\/en\/visitor-centers\/","title":{"rendered":"Visitor Centers"},"content":{"rendered":"\n<p>The national park has two visitor centers that are open all year round.<\/p>\n","protected":false},"excerpt":{"rendered":"<p>The national park has two visitor centers that are open all year round.<\/p>\n","protected":false},"author":3,"featured_media":0,"parent":0,"menu_order":0,"comment_status":"closed","ping_status":"closed","template":"","meta":{"_acf_changed":false,"footnotes":""},"class_list":["post-3661","page","type-page","status-publish","hentry"],"acf":[],"yoast_head":"<!-- This site is optimized with the Yoast SEO plugin v26.9 - https:\/\/yoast.com\/product\/yoast-seo-wordpress\/ -->\n<title>Visitor Centers - Sn\u00e6fellsj\u00f6kuls\u00fej\u00f3\u00f0gar\u00f0ur<\/title>\n<meta name=\"robots\" content=\"index, follow, max-snippet:-1, max-image-preview:large, max-video-preview:-1\" \/>\n<link rel=\"canonical\" href=\"https:\/\/snaefellsjokull.is\/en\/visitor-centers\/\" \/>\n<meta property=\"og:locale\" content=\"en_US\" \/>\n<meta property=\"og:type\" content=\"article\" \/>\n<meta property=\"og:title\" content=\"Visitor Centers - Sn\u00e6fellsj\u00f6kuls\u00fej\u00f3\u00f0gar\u00f0ur\" \/>\n<meta property=\"og:description\" content=\"The national park has two visitor centers that are open all year round.\" \/>\n<meta property=\"og:url\" content=\"https:\/\/snaefellsjokull.is\/en\/visitor-centers\/\" \/>\n<meta property=\"og:site_name\" content=\"Sn\u00e6fellsj\u00f6kuls\u00fej\u00f3\u00f0gar\u00f0ur\" \/>\n<meta property=\"article:modified_time\" content=\"2024-04-17T12:28:43+00:00\" \/>\n<meta name=\"twitter:card\" content=\"summary_large_image\" \/>\n<script type=\"application\/ld+json\" class=\"yoast-schema-graph\">{\"@context\":\"https:\/\/schema.org\",\"@graph\":[{\"@type\":\"WebPage\",\"@id\":\"https:\/\/snaefellsjokull.is\/en\/visitor-centers\/\",\"url\":\"https:\/\/snaefellsjokull.is\/en\/visitor-centers\/\",\"name\":\"Visitor Centers - Sn\u00e6fellsj\u00f6kuls\u00fej\u00f3\u00f0gar\u00f0ur\",\"isPartOf\":{\"@id\":\"https:\/\/snaefellsjokull.is\/#website\"},\"datePublished\":\"2023-05-15T09:22:27+00:00\",\"dateModified\":\"2024-04-17T12:28:43+00:00\",\"breadcrumb\":{\"@id\":\"https:\/\/snaefellsjokull.is\/en\/visitor-centers\/#breadcrumb\"},\"inLanguage\":\"en-US\",\"potentialAction\":[{\"@type\":\"ReadAction\",\"target\":[\"https:\/\/snaefellsjokull.is\/en\/visitor-centers\/\"]}]},{\"@type\":\"BreadcrumbList\",\"@id\":\"https:\/\/snaefellsjokull.is\/en\/visitor-centers\/#breadcrumb\",\"itemListElement\":[{\"@type\":\"ListItem\",\"position\":1,\"name\":\"Home\",\"item\":\"https:\/\/snaefellsjokull.is\/en\/\"},{\"@type\":\"ListItem\",\"position\":2,\"name\":\"Visitor Centers\"}]},{\"@type\":\"WebSite\",\"@id\":\"https:\/\/snaefellsjokull.is\/#website\",\"url\":\"https:\/\/snaefellsjokull.is\/\",\"name\":\"Sn\u00e6fellsj\u00f6kuls\u00fej\u00f3\u00f0gar\u00f0ur\",\"description\":\"Upplif\u00f0u einstaka n\u00e1tt\u00faru, g\u00f6ngulei\u00f0ir og \u00e1ningasta\u00f0ir.\",\"potentialAction\":[{\"@type\":\"SearchAction\",\"target\":{\"@type\":\"EntryPoint\",\"urlTemplate\":\"https:\/\/snaefellsjokull.is\/?s={search_term_string}\"},\"query-input\":{\"@type\":\"PropertyValueSpecification\",\"valueRequired\":true,\"valueName\":\"search_term_string\"}}],\"inLanguage\":\"en-US\"}]}<\/script>\n<!-- \/ Yoast SEO plugin. -->","yoast_head_json":{"title":"Visitor Centers - Sn\u00e6fellsj\u00f6kuls\u00fej\u00f3\u00f0gar\u00f0ur","robots":{"index":"index","follow":"follow","max-snippet":"max-snippet:-1","max-image-preview":"max-image-preview:large","max-video-preview":"max-video-preview:-1"},"canonical":"https:\/\/snaefellsjokull.is\/en\/visitor-centers\/","og_locale":"en_US","og_type":"article","og_title":"Visitor Centers - Sn\u00e6fellsj\u00f6kuls\u00fej\u00f3\u00f0gar\u00f0ur","og_description":"The national park has two visitor centers that are open all year round.","og_url":"https:\/\/snaefellsjokull.is\/en\/visitor-centers\/","og_site_name":"Sn\u00e6fellsj\u00f6kuls\u00fej\u00f3\u00f0gar\u00f0ur","article_modified_time":"2024-04-17T12:28:43+00:00","twitter_card":"summary_large_image","schema":{"@context":"https:\/\/schema.org","@graph":[{"@type":"WebPage","@id":"https:\/\/snaefellsjokull.is\/en\/visitor-centers\/","url":"https:\/\/snaefellsjokull.is\/en\/visitor-centers\/","name":"Visitor Centers - Sn\u00e6fellsj\u00f6kuls\u00fej\u00f3\u00f0gar\u00f0ur","isPartOf":{"@id":"https:\/\/snaefellsjokull.is\/#website"},"datePublished":"2023-05-15T09:22:27+00:00","dateModified":"2024-04-17T12:28:43+00:00","breadcrumb":{"@id":"https:\/\/snaefellsjokull.is\/en\/visitor-centers\/#breadcrumb"},"inLanguage":"en-US","potentialAction":[{"@type":"ReadAction","target":["https:\/\/snaefellsjokull.is\/en\/visitor-centers\/"]}]},{"@type":"BreadcrumbList","@id":"https:\/\/snaefellsjokull.is\/en\/visitor-centers\/#breadcrumb","itemListElement":[{"@type":"ListItem","position":1,"name":"Home","item":"https:\/\/snaefellsjokull.is\/en\/"},{"@type":"ListItem","position":2,"name":"Visitor Centers"}]},{"@type":"WebSite","@id":"https:\/\/snaefellsjokull.is\/#website","url":"https:\/\/snaefellsjokull.is\/","name":"Sn\u00e6fellsj\u00f6kuls\u00fej\u00f3\u00f0gar\u00f0ur","description":"Upplif\u00f0u einstaka n\u00e1tt\u00faru, g\u00f6ngulei\u00f0ir og \u00e1ningasta\u00f0ir.","potentialAction":[{"@type":"SearchAction","target":{"@type":"EntryPoint","urlTemplate":"https:\/\/snaefellsjokull.is\/?s={search_term_string}"},"query-input":{"@type":"PropertyValueSpecification","valueRequired":true,"valueName":"search_term_string"}}],"inLanguage":"en-US"}]}},"_links":{"self":[{"href":"https:\/\/snaefellsjokull.is\/en\/wp-json\/wp\/v2\/pages\/3661","targetHints":{"allow":["GET"]}}],"collection":[{"href":"https:\/\/snaefellsjokull.is\/en\/wp-json\/wp\/v2\/pages"}],"about":[{"href":"https:\/\/snaefellsjokull.is\/en\/wp-json\/wp\/v2\/types\/page"}],"author":[{"embeddable":true,"href":"https:\/\/snaefellsjokull.is\/en\/wp-json\/wp\/v2\/users\/3"}],"replies":[{"embeddable":true,"href":"https:\/\/snaefellsjokull.is\/en\/wp-json\/wp\/v2\/comments?post=3661"}],"version-history":[{"count":7,"href":"https:\/\/snaefellsjokull.is\/en\/wp-json\/wp\/v2\/pages\/3661\/revisions"}],"predecessor-version":[{"id":4025,"href":"https:\/\/snaefellsjokull.is\/en\/wp-json\/wp\/v2\/pages\/3661\/revisions\/4025"}],"wp:attachment":[{"href":"https:\/\/snaefellsjokull.is\/en\/wp-json\/wp\/v2\/media?parent=3661"}],"curies":[{"name":"wp","href":"https:\/\/api.w.org\/{rel}","templated":true}]}}