{"id":3659,"date":"2023-05-15T09:23:04","date_gmt":"2023-05-15T09:23:04","guid":{"rendered":"https:\/\/snaefellsjokull.is\/national-park-center-on-hellisandi\/"},"modified":"2026-03-30T10:26:26","modified_gmt":"2026-03-30T10:26:26","slug":"national-park-center-on-hellisandi","status":"publish","type":"page","link":"https:\/\/snaefellsjokull.is\/en\/visitor-centers\/national-park-center-on-hellisandi\/","title":{"rendered":"National Park Center at Hellissandi"},"content":{"rendered":"\n<p>Opening hours: Every day at 09:30 &#8211; 17:00<\/p>\n\n\n\n<p>Phone: 661-1500<\/p>\n\n\n\n<p><\/p>\n","protected":false},"excerpt":{"rendered":"<p>Opening hours: Every day at 09:30 &#8211; 17:00 Phone: 661-1500<\/p>\n","protected":false},"author":3,"featured_media":3252,"parent":3661,"menu_order":0,"comment_status":"closed","ping_status":"closed","template":"","meta":{"_acf_changed":false,"footnotes":""},"class_list":["post-3659","page","type-page","status-publish","has-post-thumbnail","hentry"],"acf":[],"yoast_head":"<!-- This site is optimized with the Yoast SEO plugin v26.9 - https:\/\/yoast.com\/product\/yoast-seo-wordpress\/ -->\n<title>National Park Center at Hellissandi - Sn\u00e6fellsj\u00f6kuls\u00fej\u00f3\u00f0gar\u00f0ur<\/title>\n<meta name=\"robots\" content=\"index, follow, max-snippet:-1, max-image-preview:large, max-video-preview:-1\" \/>\n<link rel=\"canonical\" href=\"https:\/\/snaefellsjokull.is\/en\/visitor-centers\/national-park-center-on-hellisandi\/\" \/>\n<meta property=\"og:locale\" content=\"en_US\" \/>\n<meta property=\"og:type\" content=\"article\" \/>\n<meta property=\"og:title\" content=\"National Park Center at Hellissandi - Sn\u00e6fellsj\u00f6kuls\u00fej\u00f3\u00f0gar\u00f0ur\" \/>\n<meta property=\"og:description\" content=\"Opening hours: Every day at 09:30 &#8211; 17:00 Phone: 661-1500\" \/>\n<meta property=\"og:url\" content=\"https:\/\/snaefellsjokull.is\/en\/visitor-centers\/national-park-center-on-hellisandi\/\" \/>\n<meta property=\"og:site_name\" content=\"Sn\u00e6fellsj\u00f6kuls\u00fej\u00f3\u00f0gar\u00f0ur\" \/>\n<meta property=\"article:modified_time\" content=\"2026-03-30T10:26:26+00:00\" \/>\n<meta property=\"og:image\" content=\"https:\/\/snaefellsjokull.is\/wp-content\/uploads\/2023\/09\/Hellissandur-0637_web-1-scaled.jpg\" \/>\n\t<meta property=\"og:image:width\" content=\"2560\" \/>\n\t<meta property=\"og:image:height\" content=\"1440\" \/>\n\t<meta property=\"og:image:type\" content=\"image\/jpeg\" \/>\n<meta name=\"twitter:card\" content=\"summary_large_image\" \/>\n<meta name=\"twitter:label1\" content=\"Est. reading time\" \/>\n\t<meta name=\"twitter:data1\" content=\"5 minutes\" \/>\n<script type=\"application\/ld+json\" class=\"yoast-schema-graph\">{\"@context\":\"https:\/\/schema.org\",\"@graph\":[{\"@type\":\"WebPage\",\"@id\":\"https:\/\/snaefellsjokull.is\/en\/visitor-centers\/national-park-center-on-hellisandi\/\",\"url\":\"https:\/\/snaefellsjokull.is\/en\/visitor-centers\/national-park-center-on-hellisandi\/\",\"name\":\"National Park Center at Hellissandi - Sn\u00e6fellsj\u00f6kuls\u00fej\u00f3\u00f0gar\u00f0ur\",\"isPartOf\":{\"@id\":\"https:\/\/snaefellsjokull.is\/#website\"},\"primaryImageOfPage\":{\"@id\":\"https:\/\/snaefellsjokull.is\/en\/visitor-centers\/national-park-center-on-hellisandi\/#primaryimage\"},\"image\":{\"@id\":\"https:\/\/snaefellsjokull.is\/en\/visitor-centers\/national-park-center-on-hellisandi\/#primaryimage\"},\"thumbnailUrl\":\"https:\/\/snaefellsjokull.is\/wp-content\/uploads\/2023\/09\/Hellissandur-0637_web-1-scaled.jpg\",\"datePublished\":\"2023-05-15T09:23:04+00:00\",\"dateModified\":\"2026-03-30T10:26:26+00:00\",\"breadcrumb\":{\"@id\":\"https:\/\/snaefellsjokull.is\/en\/visitor-centers\/national-park-center-on-hellisandi\/#breadcrumb\"},\"inLanguage\":\"en-US\",\"potentialAction\":[{\"@type\":\"ReadAction\",\"target\":[\"https:\/\/snaefellsjokull.is\/en\/visitor-centers\/national-park-center-on-hellisandi\/\"]}]},{\"@type\":\"ImageObject\",\"inLanguage\":\"en-US\",\"@id\":\"https:\/\/snaefellsjokull.is\/en\/visitor-centers\/national-park-center-on-hellisandi\/#primaryimage\",\"url\":\"https:\/\/snaefellsjokull.is\/wp-content\/uploads\/2023\/09\/Hellissandur-0637_web-1-scaled.jpg\",\"contentUrl\":\"https:\/\/snaefellsjokull.is\/wp-content\/uploads\/2023\/09\/Hellissandur-0637_web-1-scaled.jpg\",\"width\":2560,\"height\":1440},{\"@type\":\"BreadcrumbList\",\"@id\":\"https:\/\/snaefellsjokull.is\/en\/visitor-centers\/national-park-center-on-hellisandi\/#breadcrumb\",\"itemListElement\":[{\"@type\":\"ListItem\",\"position\":1,\"name\":\"Home\",\"item\":\"https:\/\/snaefellsjokull.is\/en\/\"},{\"@type\":\"ListItem\",\"position\":2,\"name\":\"Visitor Centers\",\"item\":\"https:\/\/snaefellsjokull.is\/en\/visitor-centers\/\"},{\"@type\":\"ListItem\",\"position\":3,\"name\":\"National Park Center at Hellissandi\"}]},{\"@type\":\"WebSite\",\"@id\":\"https:\/\/snaefellsjokull.is\/#website\",\"url\":\"https:\/\/snaefellsjokull.is\/\",\"name\":\"Sn\u00e6fellsj\u00f6kuls\u00fej\u00f3\u00f0gar\u00f0ur\",\"description\":\"Upplif\u00f0u einstaka n\u00e1tt\u00faru, g\u00f6ngulei\u00f0ir og \u00e1ningasta\u00f0ir.\",\"potentialAction\":[{\"@type\":\"SearchAction\",\"target\":{\"@type\":\"EntryPoint\",\"urlTemplate\":\"https:\/\/snaefellsjokull.is\/?s={search_term_string}\"},\"query-input\":{\"@type\":\"PropertyValueSpecification\",\"valueRequired\":true,\"valueName\":\"search_term_string\"}}],\"inLanguage\":\"en-US\"}]}<\/script>\n<!-- \/ Yoast SEO plugin. -->","yoast_head_json":{"title":"National Park Center at Hellissandi - Sn\u00e6fellsj\u00f6kuls\u00fej\u00f3\u00f0gar\u00f0ur","robots":{"index":"index","follow":"follow","max-snippet":"max-snippet:-1","max-image-preview":"max-image-preview:large","max-video-preview":"max-video-preview:-1"},"canonical":"https:\/\/snaefellsjokull.is\/en\/visitor-centers\/national-park-center-on-hellisandi\/","og_locale":"en_US","og_type":"article","og_title":"National Park Center at Hellissandi - Sn\u00e6fellsj\u00f6kuls\u00fej\u00f3\u00f0gar\u00f0ur","og_description":"Opening hours: Every day at 09:30 &#8211; 17:00 Phone: 661-1500","og_url":"https:\/\/snaefellsjokull.is\/en\/visitor-centers\/national-park-center-on-hellisandi\/","og_site_name":"Sn\u00e6fellsj\u00f6kuls\u00fej\u00f3\u00f0gar\u00f0ur","article_modified_time":"2026-03-30T10:26:26+00:00","og_image":[{"width":2560,"height":1440,"url":"https:\/\/snaefellsjokull.is\/wp-content\/uploads\/2023\/09\/Hellissandur-0637_web-1-scaled.jpg","type":"image\/jpeg"}],"twitter_card":"summary_large_image","twitter_misc":{"Est. reading time":"5 minutes"},"schema":{"@context":"https:\/\/schema.org","@graph":[{"@type":"WebPage","@id":"https:\/\/snaefellsjokull.is\/en\/visitor-centers\/national-park-center-on-hellisandi\/","url":"https:\/\/snaefellsjokull.is\/en\/visitor-centers\/national-park-center-on-hellisandi\/","name":"National Park Center at Hellissandi - Sn\u00e6fellsj\u00f6kuls\u00fej\u00f3\u00f0gar\u00f0ur","isPartOf":{"@id":"https:\/\/snaefellsjokull.is\/#website"},"primaryImageOfPage":{"@id":"https:\/\/snaefellsjokull.is\/en\/visitor-centers\/national-park-center-on-hellisandi\/#primaryimage"},"image":{"@id":"https:\/\/snaefellsjokull.is\/en\/visitor-centers\/national-park-center-on-hellisandi\/#primaryimage"},"thumbnailUrl":"https:\/\/snaefellsjokull.is\/wp-content\/uploads\/2023\/09\/Hellissandur-0637_web-1-scaled.jpg","datePublished":"2023-05-15T09:23:04+00:00","dateModified":"2026-03-30T10:26:26+00:00","breadcrumb":{"@id":"https:\/\/snaefellsjokull.is\/en\/visitor-centers\/national-park-center-on-hellisandi\/#breadcrumb"},"inLanguage":"en-US","potentialAction":[{"@type":"ReadAction","target":["https:\/\/snaefellsjokull.is\/en\/visitor-centers\/national-park-center-on-hellisandi\/"]}]},{"@type":"ImageObject","inLanguage":"en-US","@id":"https:\/\/snaefellsjokull.is\/en\/visitor-centers\/national-park-center-on-hellisandi\/#primaryimage","url":"https:\/\/snaefellsjokull.is\/wp-content\/uploads\/2023\/09\/Hellissandur-0637_web-1-scaled.jpg","contentUrl":"https:\/\/snaefellsjokull.is\/wp-content\/uploads\/2023\/09\/Hellissandur-0637_web-1-scaled.jpg","width":2560,"height":1440},{"@type":"BreadcrumbList","@id":"https:\/\/snaefellsjokull.is\/en\/visitor-centers\/national-park-center-on-hellisandi\/#breadcrumb","itemListElement":[{"@type":"ListItem","position":1,"name":"Home","item":"https:\/\/snaefellsjokull.is\/en\/"},{"@type":"ListItem","position":2,"name":"Visitor Centers","item":"https:\/\/snaefellsjokull.is\/en\/visitor-centers\/"},{"@type":"ListItem","position":3,"name":"National Park Center at Hellissandi"}]},{"@type":"WebSite","@id":"https:\/\/snaefellsjokull.is\/#website","url":"https:\/\/snaefellsjokull.is\/","name":"Sn\u00e6fellsj\u00f6kuls\u00fej\u00f3\u00f0gar\u00f0ur","description":"Upplif\u00f0u einstaka n\u00e1tt\u00faru, g\u00f6ngulei\u00f0ir og \u00e1ningasta\u00f0ir.","potentialAction":[{"@type":"SearchAction","target":{"@type":"EntryPoint","urlTemplate":"https:\/\/snaefellsjokull.is\/?s={search_term_string}"},"query-input":{"@type":"PropertyValueSpecification","valueRequired":true,"valueName":"search_term_string"}}],"inLanguage":"en-US"}]}},"_links":{"self":[{"href":"https:\/\/snaefellsjokull.is\/en\/wp-json\/wp\/v2\/pages\/3659","targetHints":{"allow":["GET"]}}],"collection":[{"href":"https:\/\/snaefellsjokull.is\/en\/wp-json\/wp\/v2\/pages"}],"about":[{"href":"https:\/\/snaefellsjokull.is\/en\/wp-json\/wp\/v2\/types\/page"}],"author":[{"embeddable":true,"href":"https:\/\/snaefellsjokull.is\/en\/wp-json\/wp\/v2\/users\/3"}],"replies":[{"embeddable":true,"href":"https:\/\/snaefellsjokull.is\/en\/wp-json\/wp\/v2\/comments?post=3659"}],"version-history":[{"count":12,"href":"https:\/\/snaefellsjokull.is\/en\/wp-json\/wp\/v2\/pages\/3659\/revisions"}],"predecessor-version":[{"id":5682,"href":"https:\/\/snaefellsjokull.is\/en\/wp-json\/wp\/v2\/pages\/3659\/revisions\/5682"}],"up":[{"embeddable":true,"href":"https:\/\/snaefellsjokull.is\/en\/wp-json\/wp\/v2\/pages\/3661"}],"wp:featuredmedia":[{"embeddable":true,"href":"https:\/\/snaefellsjokull.is\/en\/wp-json\/wp\/v2\/media\/3252"}],"wp:attachment":[{"href":"https:\/\/snaefellsjokull.is\/en\/wp-json\/wp\/v2\/media?parent=3659"}],"curies":[{"name":"wp","href":"https:\/\/api.w.org\/{rel}","templated":true}]}}